{"id":8254,"date":"2018-09-14T22:23:44","date_gmt":"2018-09-14T22:23:44","guid":{"rendered":"http:\/\/nlaad.org\/es\/campaign-2018\/"},"modified":"2019-09-05T17:58:18","modified_gmt":"2019-09-05T21:58:18","slug":"2019-campaign","status":"publish","type":"page","link":"https:\/\/nlaad.org\/es\/2019-campaign\/","title":{"rendered":"Campa\u00f1a 2019"},"content":{"rendered":"<style type=\"text\/css\"> \n#cmsmasters_row_69eb1580d9b3a0_39999418 { \n\tbackground-image: url(https:\/\/nlaad.org\/wp-content\/uploads\/2018\/09\/about-nlaad-theme-2019.jpg); \n\tbackground-position: center center; \n\tbackground-repeat: no-repeat; \n\tbackground-attachment: scroll; \n\tbackground-size: cover; \n} \n\n#cmsmasters_row_69eb1580d9b3a0_39999418 .cmsmasters_row_outer_parent { \n\tpadding-top: 225px; \n} \n\n#cmsmasters_row_69eb1580d9b3a0_39999418 .cmsmasters_row_outer_parent { \n\tpadding-bottom: 225px; \n} \n\n \n#cmsmasters_row_69eb1580dc4a97_12440817 { \n\tbackground-color:#a3b7d0;\n} \n\n#cmsmasters_row_69eb1580dc4a97_12440817 .cmsmasters_row_outer_parent { \n\tpadding-top: 0px; \n} \n\n#cmsmasters_row_69eb1580dc4a97_12440817 .cmsmasters_row_outer_parent { \n\tpadding-bottom: 20px; \n} \n\n \n#cmsmasters_divider_69eb1580dc7d92_22856168 { \n\tborder-bottom-width:0px; \n\tborder-bottom-style:solid; \n\tpadding-top:60px; \n\tmargin-bottom:0px; \n} \n \n#cmsmasters_heading_69eb1580dc9f85_35552562 { \n\ttext-align:center; \n\tmargin-top:0px; \n\tmargin-bottom:0px; \n} \n\n#cmsmasters_heading_69eb1580dc9f85_35552562 .cmsmasters_heading { \n\ttext-align:center; \n} \n\n#cmsmasters_heading_69eb1580dc9f85_35552562 .cmsmasters_heading, #cmsmasters_heading_69eb1580dc9f85_35552562 .cmsmasters_heading a { \n\tfont-weight:bold; \n\tfont-style:normal; \n\tcolor:#ffffff;\n} \n\n#cmsmasters_heading_69eb1580dc9f85_35552562 .cmsmasters_heading_divider { \n} \n\n \n#cmsmasters_heading_69eb1580dcbd31_18996948 { \n\ttext-align:center; \n\tmargin-top:0px; \n\tmargin-bottom:0px; \n} \n\n#cmsmasters_heading_69eb1580dcbd31_18996948 .cmsmasters_heading { \n\ttext-align:center; \n} \n\n#cmsmasters_heading_69eb1580dcbd31_18996948 .cmsmasters_heading, #cmsmasters_heading_69eb1580dcbd31_18996948 .cmsmasters_heading a { \n\tfont-weight:bold; \n\tfont-style:normal; \n\tcolor:#ffffff;\n} \n\n#cmsmasters_heading_69eb1580dcbd31_18996948 .cmsmasters_heading_divider { \n} \n\n \n#cmsmasters_divider_69eb1580dcd8c7_52835961 { \n\tborder-bottom-width:0px; \n\tborder-bottom-style:solid; \n\tpadding-top:0px; \n\tmargin-bottom:60px; \n} \n \n#cmsmasters_row_69eb1580dcde71_93662236 .cmsmasters_row_outer_parent { \n\tpadding-top: 100px; \n} \n\n#cmsmasters_row_69eb1580dcde71_93662236 .cmsmasters_row_outer_parent { \n\tpadding-bottom: 100px; \n} \n\n \n#cmsmasters_heading_69eb1580dd0e97_26045734 { \n\ttext-align:center; \n\tmargin-top:0px; \n\tmargin-bottom:20px; \n} \n\n#cmsmasters_heading_69eb1580dd0e97_26045734 .cmsmasters_heading { \n\ttext-align:center; \n} \n\n#cmsmasters_heading_69eb1580dd0e97_26045734 .cmsmasters_heading, #cmsmasters_heading_69eb1580dd0e97_26045734 .cmsmasters_heading a { \n\tfont-weight:normal; \n\tfont-style:normal; \n} \n\n#cmsmasters_heading_69eb1580dd0e97_26045734 .cmsmasters_heading_divider { \n} \n\n \n#cmsmasters_heading_69eb1580dd2e63_01874682 { \n\ttext-align:center; \n\tmargin-top:0px; \n\tmargin-bottom:20px; \n} \n\n#cmsmasters_heading_69eb1580dd2e63_01874682 .cmsmasters_heading { \n\ttext-align:center; \n} \n\n#cmsmasters_heading_69eb1580dd2e63_01874682 .cmsmasters_heading, #cmsmasters_heading_69eb1580dd2e63_01874682 .cmsmasters_heading a { \n\tfont-weight:normal; \n\tfont-style:normal; \n} \n\n#cmsmasters_heading_69eb1580dd2e63_01874682 .cmsmasters_heading_divider { \n} \n\n<\/style><div id=\"cmsmasters_row_69eb1580d9b3a0_39999418\" class=\"cmsmasters_row cmsmasters_color_scheme_default cmsmasters_row_top_default cmsmasters_row_bot_default cmsmasters_row_boxed\">\n<div class=\"cmsmasters_row_outer_parent\">\n<div class=\"cmsmasters_row_outer\">\n<div class=\"cmsmasters_row_inner\">\n<div class=\"cmsmasters_row_margin\">\n<div class=\"cmsmasters_column one_third\">\n<\/div>\n<div class=\"cmsmasters_column one_third\">\n<\/div>\n<div class=\"cmsmasters_column one_third\">\n<\/div>\n<\/div>\n<\/div>\n<\/div>\n<\/div>\n<\/div>\n<div id=\"cmsmasters_row_69eb1580dc4a97_12440817\" class=\"cmsmasters_row cmsmasters_color_scheme_default cmsmasters_row_top_default cmsmasters_row_bot_default cmsmasters_row_boxed\">\n<div class=\"cmsmasters_row_outer_parent\">\n<div class=\"cmsmasters_row_outer\">\n<div class=\"cmsmasters_row_inner\">\n<div class=\"cmsmasters_row_margin\">\n<div class=\"cmsmasters_column one_first\">\n\n<div id=\"cmsmasters_divider_69eb1580dc7d92_22856168\" class=\"cl\"><\/div>\n<div id=\"cmsmasters_heading_69eb1580dc9f85_35552562\" class=\"cmsmasters_heading_wrap cmsmasters_heading_align_center\">\n\t<h2 class=\"cmsmasters_heading\">Dos guantes que se complementan y luchan juntos:<\/h2>\n<\/div>\n<div id=\"cmsmasters_heading_69eb1580dcbd31_18996948\" class=\"cmsmasters_heading_wrap cmsmasters_heading_align_center\">\n\t<h2 class=\"cmsmasters_heading\">Lo que se necesita para erradicar el VIH<\/h2>\n<\/div>\n<div id=\"cmsmasters_divider_69eb1580dcd8c7_52835961\" class=\"cl\"><\/div>\n<\/div>\n<\/div>\n<\/div>\n<\/div>\n<\/div>\n<\/div>\n<div id=\"cmsmasters_row_69eb1580dcde71_93662236\" class=\"cmsmasters_row cmsmasters_color_scheme_default cmsmasters_row_top_default cmsmasters_row_bot_default cmsmasters_row_boxed\">\n<div class=\"cmsmasters_row_outer_parent\">\n<div class=\"cmsmasters_row_outer\">\n<div class=\"cmsmasters_row_inner\">\n<div class=\"cmsmasters_row_margin\">\n<div class=\"cmsmasters_column one_first\">\n\n<div id=\"cmsmasters_heading_69eb1580dd0e97_26045734\" class=\"cmsmasters_heading_wrap cmsmasters_heading_align_center\" data-animation=\"fadeInUp\" data-delay=\"300\">\n\t<h1 class=\"cmsmasters_heading\">Detr\u00e1s de la Campa\u00f1a &#8230;<\/h1>\n<\/div>\n<div id=\"cmsmasters_heading_69eb1580dd2e63_01874682\" class=\"cmsmasters_heading_wrap cmsmasters_heading_align_center\">\n\t<h2 class=\"cmsmasters_heading\">La campa\u00f1a de NLAAD 2019 quiere resaltar que cual sea el status de VIH de la gente, todos tiene un rol en acabar con el VIH, en parar nuevos diagn\u00f3sticos. La campa\u00f1a quiere romper el estigma que s\u00f3lo cierto grupo de personas llevan el peso de la tarea. <\/h2>\n<\/div>\n<\/div>\n<\/div>\n<\/div>\n<\/div>\n<\/div>\n<\/div>\n\n","protected":false},"excerpt":{"rendered":"","protected":false},"author":1,"featured_media":0,"parent":0,"menu_order":0,"comment_status":"closed","ping_status":"closed","template":"","meta":{"footnotes":""},"class_list":["post-8254","page","type-page","status-publish","hentry"],"yoast_head":"<!-- This site is optimized with the Yoast SEO plugin v27.3 - https:\/\/yoast.com\/product\/yoast-seo-wordpress\/ -->\n<title>Campa\u00f1a 2019 - nlaad.org<\/title>\n<meta name=\"robots\" content=\"index, follow, max-snippet:-1, max-image-preview:large, max-video-preview:-1\" \/>\n<link rel=\"canonical\" href=\"https:\/\/nlaad.org\/2019-campaign\/\" \/>\n<meta property=\"og:locale\" content=\"es_ES\" \/>\n<meta property=\"og:type\" content=\"article\" \/>\n<meta property=\"og:title\" content=\"Campa\u00f1a 2019 - nlaad.org\" \/>\n<meta property=\"og:url\" content=\"https:\/\/nlaad.org\/2019-campaign\/\" \/>\n<meta property=\"og:site_name\" content=\"nlaad.org\" \/>\n<meta property=\"article:publisher\" content=\"https:\/\/www.facebook.com\/LatinoCommissionOnAids\/\" \/>\n<meta property=\"article:modified_time\" content=\"2019-09-05T21:58:18+00:00\" \/>\n<meta name=\"twitter:card\" content=\"summary_large_image\" \/>\n<meta name=\"twitter:site\" content=\"@latinocommaids\" \/>\n<meta name=\"twitter:label1\" content=\"Est. reading time\" \/>\n\t<meta name=\"twitter:data1\" content=\"2 minutes\" \/>\n<script type=\"application\/ld+json\" class=\"yoast-schema-graph\">{\"@context\":\"https:\\\/\\\/schema.org\",\"@graph\":[{\"@type\":\"WebPage\",\"@id\":\"https:\\\/\\\/nlaad.org\\\/2019-campaign\\\/\",\"url\":\"https:\\\/\\\/nlaad.org\\\/2019-campaign\\\/\",\"name\":\"Campa\u00f1a 2019 - nlaad.org\",\"isPartOf\":{\"@id\":\"https:\\\/\\\/nlaad.org\\\/#website\"},\"datePublished\":\"2018-09-14T22:23:44+00:00\",\"dateModified\":\"2019-09-05T21:58:18+00:00\",\"breadcrumb\":{\"@id\":\"https:\\\/\\\/nlaad.org\\\/2019-campaign\\\/#breadcrumb\"},\"inLanguage\":\"es-ES\",\"potentialAction\":[{\"@type\":\"ReadAction\",\"target\":[\"https:\\\/\\\/nlaad.org\\\/2019-campaign\\\/\"]}]},{\"@type\":\"BreadcrumbList\",\"@id\":\"https:\\\/\\\/nlaad.org\\\/2019-campaign\\\/#breadcrumb\",\"itemListElement\":[{\"@type\":\"ListItem\",\"position\":1,\"name\":\"Home\",\"item\":\"https:\\\/\\\/nlaad.org\\\/es\\\/\"},{\"@type\":\"ListItem\",\"position\":2,\"name\":\"Campa\u00f1a 2019\"}]},{\"@type\":\"WebSite\",\"@id\":\"https:\\\/\\\/nlaad.org\\\/#website\",\"url\":\"https:\\\/\\\/nlaad.org\\\/\",\"name\":\"nlaad.org\",\"description\":\"National Latino AIDS Awareness Day\",\"publisher\":{\"@id\":\"https:\\\/\\\/nlaad.org\\\/#organization\"},\"potentialAction\":[{\"@type\":\"SearchAction\",\"target\":{\"@type\":\"EntryPoint\",\"urlTemplate\":\"https:\\\/\\\/nlaad.org\\\/?s={search_term_string}\"},\"query-input\":{\"@type\":\"PropertyValueSpecification\",\"valueRequired\":true,\"valueName\":\"search_term_string\"}}],\"inLanguage\":\"es-ES\"},{\"@type\":\"Organization\",\"@id\":\"https:\\\/\\\/nlaad.org\\\/#organization\",\"name\":\"Latino Commission on AIDS\",\"url\":\"https:\\\/\\\/nlaad.org\\\/\",\"logo\":{\"@type\":\"ImageObject\",\"inLanguage\":\"es-ES\",\"@id\":\"https:\\\/\\\/nlaad.org\\\/#\\\/schema\\\/logo\\\/image\\\/\",\"url\":\"https:\\\/\\\/nlaad.org\\\/wp-content\\\/uploads\\\/2024\\\/01\\\/commission-logo.png\",\"contentUrl\":\"https:\\\/\\\/nlaad.org\\\/wp-content\\\/uploads\\\/2024\\\/01\\\/commission-logo.png\",\"width\":218,\"height\":114,\"caption\":\"Latino Commission on AIDS\"},\"image\":{\"@id\":\"https:\\\/\\\/nlaad.org\\\/#\\\/schema\\\/logo\\\/image\\\/\"},\"sameAs\":[\"https:\\\/\\\/www.facebook.com\\\/LatinoCommissionOnAids\\\/\",\"https:\\\/\\\/x.com\\\/latinocommaids\",\"https:\\\/\\\/www.instagram.com\\\/latinocommaids\\\/\",\"https:\\\/\\\/www.youtube.com\\\/channel\\\/UC2k0W8WkRot9Ds5iYEkpd3w\"]}]}<\/script>\n<!-- \/ Yoast SEO plugin. -->","yoast_head_json":{"title":"Campa\u00f1a 2019 - nlaad.org","robots":{"index":"index","follow":"follow","max-snippet":"max-snippet:-1","max-image-preview":"max-image-preview:large","max-video-preview":"max-video-preview:-1"},"canonical":"https:\/\/nlaad.org\/2019-campaign\/","og_locale":"es_ES","og_type":"article","og_title":"Campa\u00f1a 2019 - nlaad.org","og_url":"https:\/\/nlaad.org\/2019-campaign\/","og_site_name":"nlaad.org","article_publisher":"https:\/\/www.facebook.com\/LatinoCommissionOnAids\/","article_modified_time":"2019-09-05T21:58:18+00:00","twitter_card":"summary_large_image","twitter_site":"@latinocommaids","twitter_misc":{"Est. reading time":"2 minutes"},"schema":{"@context":"https:\/\/schema.org","@graph":[{"@type":"WebPage","@id":"https:\/\/nlaad.org\/2019-campaign\/","url":"https:\/\/nlaad.org\/2019-campaign\/","name":"Campa\u00f1a 2019 - nlaad.org","isPartOf":{"@id":"https:\/\/nlaad.org\/#website"},"datePublished":"2018-09-14T22:23:44+00:00","dateModified":"2019-09-05T21:58:18+00:00","breadcrumb":{"@id":"https:\/\/nlaad.org\/2019-campaign\/#breadcrumb"},"inLanguage":"es-ES","potentialAction":[{"@type":"ReadAction","target":["https:\/\/nlaad.org\/2019-campaign\/"]}]},{"@type":"BreadcrumbList","@id":"https:\/\/nlaad.org\/2019-campaign\/#breadcrumb","itemListElement":[{"@type":"ListItem","position":1,"name":"Home","item":"https:\/\/nlaad.org\/es\/"},{"@type":"ListItem","position":2,"name":"Campa\u00f1a 2019"}]},{"@type":"WebSite","@id":"https:\/\/nlaad.org\/#website","url":"https:\/\/nlaad.org\/","name":"nlaad.org","description":"National Latino AIDS Awareness Day","publisher":{"@id":"https:\/\/nlaad.org\/#organization"},"potentialAction":[{"@type":"SearchAction","target":{"@type":"EntryPoint","urlTemplate":"https:\/\/nlaad.org\/?s={search_term_string}"},"query-input":{"@type":"PropertyValueSpecification","valueRequired":true,"valueName":"search_term_string"}}],"inLanguage":"es-ES"},{"@type":"Organization","@id":"https:\/\/nlaad.org\/#organization","name":"Latino Commission on AIDS","url":"https:\/\/nlaad.org\/","logo":{"@type":"ImageObject","inLanguage":"es-ES","@id":"https:\/\/nlaad.org\/#\/schema\/logo\/image\/","url":"https:\/\/nlaad.org\/wp-content\/uploads\/2024\/01\/commission-logo.png","contentUrl":"https:\/\/nlaad.org\/wp-content\/uploads\/2024\/01\/commission-logo.png","width":218,"height":114,"caption":"Latino Commission on AIDS"},"image":{"@id":"https:\/\/nlaad.org\/#\/schema\/logo\/image\/"},"sameAs":["https:\/\/www.facebook.com\/LatinoCommissionOnAids\/","https:\/\/x.com\/latinocommaids","https:\/\/www.instagram.com\/latinocommaids\/","https:\/\/www.youtube.com\/channel\/UC2k0W8WkRot9Ds5iYEkpd3w"]}]}},"_links":{"self":[{"href":"https:\/\/nlaad.org\/es\/wp-json\/wp\/v2\/pages\/8254","targetHints":{"allow":["GET"]}}],"collection":[{"href":"https:\/\/nlaad.org\/es\/wp-json\/wp\/v2\/pages"}],"about":[{"href":"https:\/\/nlaad.org\/es\/wp-json\/wp\/v2\/types\/page"}],"author":[{"embeddable":true,"href":"https:\/\/nlaad.org\/es\/wp-json\/wp\/v2\/users\/1"}],"replies":[{"embeddable":true,"href":"https:\/\/nlaad.org\/es\/wp-json\/wp\/v2\/comments?post=8254"}],"version-history":[{"count":6,"href":"https:\/\/nlaad.org\/es\/wp-json\/wp\/v2\/pages\/8254\/revisions"}],"predecessor-version":[{"id":9321,"href":"https:\/\/nlaad.org\/es\/wp-json\/wp\/v2\/pages\/8254\/revisions\/9321"}],"wp:attachment":[{"href":"https:\/\/nlaad.org\/es\/wp-json\/wp\/v2\/media?parent=8254"}],"curies":[{"name":"wp","href":"https:\/\/api.w.org\/{rel}","templated":true}]}}