{"id":5245,"date":"2016-09-27T20:21:09","date_gmt":"2016-09-27T20:21:09","guid":{"rendered":"http:\/\/nlaad.org\/es\/?page_id=5245"},"modified":"2026-02-11T14:59:03","modified_gmt":"2026-02-11T19:59:03","slug":"who-we-are","status":"publish","type":"page","link":"https:\/\/nlaad.org\/es\/who-we-are\/","title":{"rendered":"Quienes Somos"},"content":{"rendered":"<style type=\"text\/css\"> \n#cmsmasters_row_69eacfbfef7cc6_18487821 { \n\tbackground-image: url(https:\/\/nlaad.org\/wp-content\/uploads\/2016\/09\/heading-about.jpg); \n\tbackground-position: center center; \n\tbackground-repeat: no-repeat; \n\tbackground-attachment: fixed; \n\tbackground-size: cover; \n} \n\n#cmsmasters_row_69eacfbfef7cc6_18487821 .cmsmasters_row_outer_parent { \n\tpadding-top: 280px; \n} \n\n#cmsmasters_row_69eacfbfef7cc6_18487821 .cmsmasters_row_outer_parent { \n\tpadding-bottom: 300px; \n} \n\n \n#cmsmasters_heading_69eacfbfefe4b0_21896112 { \n\ttext-align:center; \n\tmargin-top:0px; \n\tmargin-bottom:20px; \n} \n\n#cmsmasters_heading_69eacfbfefe4b0_21896112 .cmsmasters_heading { \n\ttext-align:center; \n} \n\n#cmsmasters_heading_69eacfbfefe4b0_21896112 .cmsmasters_heading, #cmsmasters_heading_69eacfbfefe4b0_21896112 .cmsmasters_heading a { \n\tfont-family:'Crimson Text'; \n\tfont-size:26px; \n\tfont-weight:400; \n\tfont-style:italic; \n\tcolor:#ffffff;\n} \n\n#cmsmasters_heading_69eacfbfefe4b0_21896112 .cmsmasters_heading_divider { \n} \n\n \n#cmsmasters_heading_69eacfbfeffdd2_13111423 { \n\ttext-align:center; \n\tmargin-top:0px; \n\tmargin-bottom:50px; \n} \n\n#cmsmasters_heading_69eacfbfeffdd2_13111423 .cmsmasters_heading { \n\ttext-align:center; \n} \n\n#cmsmasters_heading_69eacfbfeffdd2_13111423 .cmsmasters_heading, #cmsmasters_heading_69eacfbfeffdd2_13111423 .cmsmasters_heading a { \n\tfont-family:'Montserrat'; \n\tfont-size:52px; \n\tline-height:62px; \n\tfont-weight:700; \n\tfont-style:normal; \n\tcolor:#ffffff;\n} \n\n#cmsmasters_heading_69eacfbfeffdd2_13111423 .cmsmasters_heading_divider { \n} \n\n \n#cmsmasters_row_69eacfbff003f3_61233387 { \n\tbackground-color:#ff3232;\n} \n\n#cmsmasters_row_69eacfbff003f3_61233387 .cmsmasters_row_outer_parent { \n\tpadding-top: 90px; \n} \n\n#cmsmasters_row_69eacfbff003f3_61233387 .cmsmasters_row_outer_parent { \n\tpadding-bottom: 60px; \n} \n\n \n#cmsmasters_heading_69eacfbff01ff5_39891630 { \n\ttext-align:center; \n\tmargin-top:0px; \n\tmargin-bottom:15px; \n} \n\n#cmsmasters_heading_69eacfbff01ff5_39891630 .cmsmasters_heading { \n\ttext-align:center; \n} \n\n#cmsmasters_heading_69eacfbff01ff5_39891630 .cmsmasters_heading, #cmsmasters_heading_69eacfbff01ff5_39891630 .cmsmasters_heading a { \n\tfont-size:40px; \n\tfont-weight:bold; \n\tfont-style:normal; \n\tcolor:#ffffff;\n} \n\n#cmsmasters_heading_69eacfbff01ff5_39891630 .cmsmasters_heading_divider { \n} \n\n \n#cmsmasters_heading_69eacfbff03804_51708055 { \n\ttext-align:center; \n\tmargin-top:0px; \n\tmargin-bottom:5px; \n} \n\n#cmsmasters_heading_69eacfbff03804_51708055 .cmsmasters_heading { \n\ttext-align:center; \n} \n\n#cmsmasters_heading_69eacfbff03804_51708055 .cmsmasters_heading, #cmsmasters_heading_69eacfbff03804_51708055 .cmsmasters_heading a { \n\tfont-family:'Crimson Text'; \n\tfont-size:24px; \n\tfont-weight:400; \n\tfont-style:italic; \n\tcolor:#ffffff;\n} \n\n#cmsmasters_heading_69eacfbff03804_51708055 .cmsmasters_heading_divider { \n} \n\n \n#cmsmasters_row_69eacfbff03c59_29645849 { \n\tbackground-color:#ff3232;\n} \n\n#cmsmasters_row_69eacfbff03c59_29645849 .cmsmasters_row_outer_parent { \n\tpadding-top: 0px; \n} \n\n#cmsmasters_row_69eacfbff03c59_29645849 .cmsmasters_row_outer_parent { \n\tpadding-bottom: 90px; \n} \n\n \n#cmsmasters_heading_69eacfbff063f5_77121585 { \n\ttext-align:left; \n\tmargin-top:0px; \n\tmargin-bottom:20px; \n} \n\n#cmsmasters_heading_69eacfbff063f5_77121585 .cmsmasters_heading { \n\ttext-align:left; \n} \n\n#cmsmasters_heading_69eacfbff063f5_77121585 .cmsmasters_heading, #cmsmasters_heading_69eacfbff063f5_77121585 .cmsmasters_heading a { \n\tfont-family:'Source Sans Pro'; \n\tfont-size:18px; \n\tline-height:28px; \n\tfont-weight:normal; \n\tfont-style:normal; \n\tcolor:rgba(255,255,255,0.6);\n} \n\n#cmsmasters_heading_69eacfbff063f5_77121585 .cmsmasters_heading_divider { \n} \n\n \n#cmsmasters_heading_69eacfbff08193_07368863 { \n\ttext-align:left; \n\tmargin-top:0px; \n\tmargin-bottom:20px; \n} \n\n#cmsmasters_heading_69eacfbff08193_07368863 .cmsmasters_heading { \n\ttext-align:left; \n} \n\n#cmsmasters_heading_69eacfbff08193_07368863 .cmsmasters_heading, #cmsmasters_heading_69eacfbff08193_07368863 .cmsmasters_heading a { \n\tfont-family:'Source Sans Pro'; \n\tfont-size:18px; \n\tline-height:28px; \n\tfont-weight:normal; \n\tfont-style:normal; \n\tcolor:rgba(255,255,255,0.6);\n} \n\n#cmsmasters_heading_69eacfbff08193_07368863 .cmsmasters_heading_divider { \n} \n\n \n#cmsmasters_row_69eacfbff085c8_27885463 .cmsmasters_row_outer_parent { \n\tpadding-top: 100px; \n} \n\n#cmsmasters_row_69eacfbff085c8_27885463 .cmsmasters_row_outer_parent { \n\tpadding-bottom: 50px; \n} \n\n \n#cmsmasters_heading_69eacfbff24520_15824914 { \n\ttext-align:left; \n\tmargin-top:0px; \n\tmargin-bottom:20px; \n} \n\n#cmsmasters_heading_69eacfbff24520_15824914 .cmsmasters_heading { \n\ttext-align:left; \n} \n\n#cmsmasters_heading_69eacfbff24520_15824914 .cmsmasters_heading, #cmsmasters_heading_69eacfbff24520_15824914 .cmsmasters_heading a { \n\tfont-weight:bold; \n\tfont-style:normal; \n\tcolor:#d14f42;\n} \n\n#cmsmasters_heading_69eacfbff24520_15824914 .cmsmasters_heading_divider { \n} \n\n \n#cmsmasters_heading_69eacfbff25db7_69828806 { \n\ttext-align:left; \n\tmargin-top:0px; \n\tmargin-bottom:20px; \n} \n\n#cmsmasters_heading_69eacfbff25db7_69828806 .cmsmasters_heading { \n\ttext-align:left; \n} \n\n#cmsmasters_heading_69eacfbff25db7_69828806 .cmsmasters_heading, #cmsmasters_heading_69eacfbff25db7_69828806 .cmsmasters_heading a { \n\tfont-family:'Source Sans Pro'; \n\tfont-size:18px; \n\tline-height:28px; \n\tfont-weight:normal; \n\tfont-style:normal; \n\tcolor:#58595b;\n} \n\n#cmsmasters_heading_69eacfbff25db7_69828806 .cmsmasters_heading_divider { \n} \n\n \n#cmsmasters_row_69eacfbff27031_80924312 .cmsmasters_row_outer_parent { \n\tpadding-bottom: 100px; \n} \n\n \n#cmsmasters_heading_69eacfbff28fa1_31055284 { \n\ttext-align:left; \n\tmargin-top:0px; \n\tmargin-bottom:20px; \n} \n\n#cmsmasters_heading_69eacfbff28fa1_31055284 .cmsmasters_heading { \n\ttext-align:left; \n} \n\n#cmsmasters_heading_69eacfbff28fa1_31055284 .cmsmasters_heading, #cmsmasters_heading_69eacfbff28fa1_31055284 .cmsmasters_heading a { \n\tfont-weight:bold; \n\tfont-style:normal; \n\tcolor:#d14f42;\n} \n\n#cmsmasters_heading_69eacfbff28fa1_31055284 .cmsmasters_heading_divider { \n} \n\n \n#cmsmasters_heading_69eacfbff2ab62_71006866 { \n\ttext-align:left; \n\tmargin-top:0px; \n\tmargin-bottom:20px; \n} \n\n#cmsmasters_heading_69eacfbff2ab62_71006866 .cmsmasters_heading { \n\ttext-align:left; \n} \n\n#cmsmasters_heading_69eacfbff2ab62_71006866 .cmsmasters_heading, #cmsmasters_heading_69eacfbff2ab62_71006866 .cmsmasters_heading a { \n\tfont-family:'Source Sans Pro'; \n\tfont-size:18px; \n\tline-height:28px; \n\tfont-weight:normal; \n\tfont-style:normal; \n\tcolor:#58595b;\n} \n\n#cmsmasters_heading_69eacfbff2ab62_71006866 .cmsmasters_heading_divider { \n} \n\n \n#cmsmasters_heading_69eacfbff2c9b2_32985335 { \n\ttext-align:left; \n\tmargin-top:0px; \n\tmargin-bottom:20px; \n} \n\n#cmsmasters_heading_69eacfbff2c9b2_32985335 .cmsmasters_heading { \n\ttext-align:left; \n} \n\n#cmsmasters_heading_69eacfbff2c9b2_32985335 .cmsmasters_heading, #cmsmasters_heading_69eacfbff2c9b2_32985335 .cmsmasters_heading a { \n\tfont-weight:bold; \n\tfont-style:normal; \n\tcolor:#d14f42;\n} \n\n#cmsmasters_heading_69eacfbff2c9b2_32985335 .cmsmasters_heading_divider { \n} \n\n \n#cmsmasters_heading_69eacfbff2e211_14526668 { \n\ttext-align:left; \n\tmargin-top:0px; \n\tmargin-bottom:20px; \n} \n\n#cmsmasters_heading_69eacfbff2e211_14526668 .cmsmasters_heading { \n\ttext-align:left; \n} \n\n#cmsmasters_heading_69eacfbff2e211_14526668 .cmsmasters_heading, #cmsmasters_heading_69eacfbff2e211_14526668 .cmsmasters_heading a { \n\tfont-family:'Source Sans Pro'; \n\tfont-size:18px; \n\tline-height:28px; \n\tfont-weight:normal; \n\tfont-style:normal; \n\tcolor:#58595b;\n} \n\n#cmsmasters_heading_69eacfbff2e211_14526668 .cmsmasters_heading_divider { \n} \n\n<\/style><div id=\"cmsmasters_row_69eacfbfef7cc6_18487821\" class=\"cmsmasters_row cmsmasters_color_scheme_default cmsmasters_row_top_default cmsmasters_row_bot_default cmsmasters_row_boxed\">\n<div class=\"cmsmasters_row_outer_parent\">\n<div class=\"cmsmasters_row_outer\">\n<div class=\"cmsmasters_row_inner\">\n<div class=\"cmsmasters_row_margin\">\n<div class=\"cmsmasters_column one_fourth\">\n<\/div>\n<div class=\"cmsmasters_column one_half\">\n\n<div id=\"cmsmasters_heading_69eacfbfefe4b0_21896112\" class=\"cmsmasters_heading_wrap cmsmasters_heading_align_center\">\n\t<h1 class=\"cmsmasters_heading\">Promoviendo la Concientizaci\u00f3n y Educaci\u00f3n del VIH<\/h1>\n<\/div>\n<div id=\"cmsmasters_heading_69eacfbfeffdd2_13111423\" class=\"cmsmasters_heading_wrap cmsmasters_heading_align_center\">\n\t<h1 class=\"cmsmasters_heading\">Por una Comunidad Latina Saludable y Libre de VIH<\/h1>\n<\/div>\n<\/div>\n<div class=\"cmsmasters_column one_fourth\">\n<\/div>\n<\/div>\n<\/div>\n<\/div>\n<\/div>\n<\/div>\n<div id=\"cmsmasters_row_69eacfbff003f3_61233387\" class=\"cmsmasters_row cmsmasters_color_scheme_default cmsmasters_row_top_default cmsmasters_row_bot_default cmsmasters_row_boxed\">\n<div class=\"cmsmasters_row_outer_parent\">\n<div class=\"cmsmasters_row_outer\">\n<div class=\"cmsmasters_row_inner\">\n<div class=\"cmsmasters_row_margin\">\n<div class=\"cmsmasters_column one_first\">\n\n<div id=\"cmsmasters_heading_69eacfbff01ff5_39891630\" class=\"cmsmasters_heading_wrap cmsmasters_heading_align_center\">\n\t<h1 class=\"cmsmasters_heading\">D\u00eda Nacional Latino Para la Concientizaci\u00f3n del SIDA<\/h1>\n<\/div>\n<div id=\"cmsmasters_heading_69eacfbff03804_51708055\" class=\"cmsmasters_heading_wrap cmsmasters_heading_align_center\">\n\t<h3 class=\"cmsmasters_heading\">\u201c\u00bfDeber\u00eda hacerme la prueba del VIH? \u00a1S\u00ed!\u201d<\/h3>\n<\/div>\n<\/div>\n<\/div>\n<\/div>\n<\/div>\n<\/div>\n<\/div>\n<div id=\"cmsmasters_row_69eacfbff03c59_29645849\" class=\"cmsmasters_row cmsmasters_color_scheme_default cmsmasters_row_top_default cmsmasters_row_bot_default cmsmasters_row_boxed\">\n<div class=\"cmsmasters_row_outer_parent\">\n<div class=\"cmsmasters_row_outer\">\n<div class=\"cmsmasters_row_inner\">\n<div class=\"cmsmasters_row_margin\">\n<div class=\"cmsmasters_column one_half\">\n\n<div id=\"cmsmasters_heading_69eacfbff063f5_77121585\" class=\"cmsmasters_heading_wrap cmsmasters_heading_align_left\">\n\t<h6 class=\"cmsmasters_heading\">El D\u00eda Nacional Latino para la Concientizaci\u00f3n del SIDA (NLAAD por sus siglas en ingl\u00e9s) es una campa\u00f1a nacional de mercadeo social que une a la comunidad Hispana\/Latina alrededor de el VIH, la promoci\u00f3n de la prueba del VIH, la prevenci\u00f3n y educaci\u00f3n sobre diferentes temas de salud como la hepatitis viral, enfermedades de transmisi\u00f3n sexual y tuberculosis.<\/h6>\n<\/div>\n<\/div>\n<div class=\"cmsmasters_column one_half\">\n\n<div id=\"cmsmasters_heading_69eacfbff08193_07368863\" class=\"cmsmasters_heading_wrap cmsmasters_heading_align_left\">\n\t<h6 class=\"cmsmasters_heading\">El 15 de Octubre de cada a\u00f1o, NLAAD moviliza a organizaciones comunitarias, l\u00edderes de la comunidad latina, departamentos de salud y los funcionarios electos para difundir el mensaje de educaci\u00f3n del VIH, llevar a cabo mejoras en las pr\u00e1cticas de salud, y poner en el centro de atenci\u00f3n los rostros latinos detr\u00e1s de la epidemia.<\/h6>\n<\/div>\n<\/div>\n<\/div>\n<\/div>\n<\/div>\n<\/div>\n<\/div>\n<div id=\"cmsmasters_row_69eacfbff085c8_27885463\" class=\"cmsmasters_row cmsmasters_color_scheme_default cmsmasters_row_top_default cmsmasters_row_bot_default cmsmasters_row_boxed\">\n<div class=\"cmsmasters_row_outer_parent\">\n<div class=\"cmsmasters_row_outer\">\n<div class=\"cmsmasters_row_inner\">\n<div class=\"cmsmasters_row_margin\">\n<div class=\"cmsmasters_column one_half\">\n<div id=\"cmsmasters_video_wrap_69eacfbff22344_96545720\" class=\"cmsmasters_video_wrap\">\n<iframe loading=\"lazy\" title=\"National Latinx AIDS Awareness Day (NLAAD) - Overview\" width=\"500\" height=\"281\" src=\"https:\/\/www.youtube.com\/embed\/C8vBnP5sXKs?start=18&feature=oembed\" frameborder=\"0\" allow=\"accelerometer; autoplay; clipboard-write; encrypted-media; gyroscope; picture-in-picture; web-share\" referrerpolicy=\"strict-origin-when-cross-origin\" allowfullscreen><\/iframe>\n<\/div>\n<\/div>\n<div class=\"cmsmasters_column one_half\">\n\n<div id=\"cmsmasters_heading_69eacfbff24520_15824914\" class=\"cmsmasters_heading_wrap cmsmasters_heading_align_left\">\n\t<h3 class=\"cmsmasters_heading\">Nuestra Historia<\/h3>\n<\/div>\n<div id=\"cmsmasters_heading_69eacfbff25db7_69828806\" class=\"cmsmasters_heading_wrap cmsmasters_heading_align_left\">\n\t<h6 class=\"cmsmasters_heading\">NLAAD fue fundada en 2003 como un esfuerzo conjunto de la Comisi\u00f3n Latina sobre el SIDA y la Federaci\u00f3n Hispana en respuesta a los efectos devastadores del VIH \/ SIDA en las comunidades hispanas \/ latinas en todo el pa\u00eds. Se estableci\u00f3 para llamar la atenci\u00f3n sobre el papel cr\u00edtico que la prueba del VIH y la prevenci\u00f3n de la educaci\u00f3n desempe\u00f1a en la contenci\u00f3n de la propagaci\u00f3n del VIH \/ SIDA entre los hispanos \/ latinos. El d\u00eda del 15 de octubre fue elegido para coincidir con el \u00faltimo d\u00eda del mes de la herencia hispana. <\/h6>\n<\/div>\n<\/div>\n<\/div>\n<\/div>\n<\/div>\n<\/div>\n<\/div>\n<div id=\"cmsmasters_row_69eacfbff27031_80924312\" class=\"cmsmasters_row cmsmasters_color_scheme_default cmsmasters_row_top_default cmsmasters_row_bot_default cmsmasters_row_boxed\">\n<div class=\"cmsmasters_row_outer_parent\">\n<div class=\"cmsmasters_row_outer\">\n<div class=\"cmsmasters_row_inner\">\n<div class=\"cmsmasters_row_margin\">\n<div class=\"cmsmasters_column one_half\">\n\n<div id=\"cmsmasters_heading_69eacfbff28fa1_31055284\" class=\"cmsmasters_heading_wrap cmsmasters_heading_align_left\">\n\t<h3 class=\"cmsmasters_heading\">Nuestra Estrategia<\/h3>\n<\/div>\n<div id=\"cmsmasters_heading_69eacfbff2ab62_71006866\" class=\"cmsmasters_heading_wrap cmsmasters_heading_align_left\">\n\t<h6 class=\"cmsmasters_heading\">La\u00a0Comisi\u00f3n Latina sobre el SIDA coordina la campa\u00f1a de NLAAD en un nivel macro; Sin embargo, las organizaciones locales son los que hacen suyos estos eventos mediante la planificaci\u00f3n y la organizaci\u00f3n de ellos. La comisi\u00f3n les proporciona recursos tales: seminarios, kits de prueba del VIH, de la campa\u00f1a de promoci\u00f3n de materiales. Se anima a las organizaciones locales para desarrollar campa\u00f1as de concienciaci\u00f3n para hacer frente a la epidemia local y p\u00fablico objetivo con mensajes culturalmente apropiados. <\/h6>\n<\/div>\n<\/div>\n<div class=\"cmsmasters_column one_half\">\n\n<div id=\"cmsmasters_heading_69eacfbff2c9b2_32985335\" class=\"cmsmasters_heading_wrap cmsmasters_heading_align_left\">\n\t<h3 class=\"cmsmasters_heading\">Nuestro Impacto<\/h3>\n<\/div>\n<div id=\"cmsmasters_heading_69eacfbff2e211_14526668\" class=\"cmsmasters_heading_wrap cmsmasters_heading_align_left\">\n\t<h6 class=\"cmsmasters_heading\">Desde su establecimiento en el 2003, NLAAD ha solidificado apoyo de 450 socios quienes organizan mas de 150 eventos anuales alrededor de los Estados Unidos y estados asociados. Simplemente en el 2015, NLAAD distribuy\u00f3 5,000 pruebas de detecci\u00f3n a nivel nacional, disemin\u00f3 avisos en Facebook que tuvieron 1 mill\u00f3n de impresiones y mas de 11 mil clicks, distribuyo m\u00e1s de 4,000 posters a los socios de NLAAD a nivel nacional, emiti\u00f3 un servicio de anuncio p\u00fablico en m\u00e1s de 250 estaciones de radio en espa\u00f1ol, llegando a 11.5 millones de oyentes. <\/h6>\n<\/div>\n<\/div>\n<\/div>\n<\/div>\n<\/div>\n<\/div>\n<\/div>\n\n","protected":false},"excerpt":{"rendered":"","protected":false},"author":1,"featured_media":0,"parent":0,"menu_order":0,"comment_status":"closed","ping_status":"closed","template":"","meta":{"footnotes":""},"class_list":["post-5245","page","type-page","status-publish","hentry"],"yoast_head":"<!-- This site is optimized with the Yoast SEO plugin v27.3 - https:\/\/yoast.com\/product\/yoast-seo-wordpress\/ -->\n<title>Quienes Somos - nlaad.org<\/title>\n<meta name=\"robots\" content=\"index, follow, max-snippet:-1, max-image-preview:large, max-video-preview:-1\" \/>\n<link rel=\"canonical\" href=\"https:\/\/nlaad.org\/es\/who-we-are\/\" \/>\n<meta property=\"og:locale\" content=\"es_ES\" \/>\n<meta property=\"og:type\" content=\"article\" \/>\n<meta property=\"og:title\" content=\"Quienes Somos - nlaad.org\" \/>\n<meta property=\"og:url\" content=\"https:\/\/nlaad.org\/es\/who-we-are\/\" \/>\n<meta property=\"og:site_name\" content=\"nlaad.org\" \/>\n<meta property=\"article:publisher\" content=\"https:\/\/www.facebook.com\/LatinoCommissionOnAids\/\" \/>\n<meta property=\"article:modified_time\" content=\"2026-02-11T19:59:03+00:00\" \/>\n<meta name=\"twitter:card\" content=\"summary_large_image\" \/>\n<meta name=\"twitter:site\" content=\"@latinocommaids\" \/>\n<meta name=\"twitter:label1\" content=\"Est. reading time\" \/>\n\t<meta name=\"twitter:data1\" content=\"3 minutes\" \/>\n<script type=\"application\/ld+json\" class=\"yoast-schema-graph\">{\"@context\":\"https:\\\/\\\/schema.org\",\"@graph\":[{\"@type\":\"WebPage\",\"@id\":\"https:\\\/\\\/nlaad.org\\\/es\\\/who-we-are\\\/\",\"url\":\"https:\\\/\\\/nlaad.org\\\/es\\\/who-we-are\\\/\",\"name\":\"Quienes Somos - nlaad.org\",\"isPartOf\":{\"@id\":\"https:\\\/\\\/nlaad.org\\\/#website\"},\"datePublished\":\"2016-09-27T20:21:09+00:00\",\"dateModified\":\"2026-02-11T19:59:03+00:00\",\"breadcrumb\":{\"@id\":\"https:\\\/\\\/nlaad.org\\\/es\\\/who-we-are\\\/#breadcrumb\"},\"inLanguage\":\"es-ES\",\"potentialAction\":[{\"@type\":\"ReadAction\",\"target\":[\"https:\\\/\\\/nlaad.org\\\/es\\\/who-we-are\\\/\"]}]},{\"@type\":\"BreadcrumbList\",\"@id\":\"https:\\\/\\\/nlaad.org\\\/es\\\/who-we-are\\\/#breadcrumb\",\"itemListElement\":[{\"@type\":\"ListItem\",\"position\":1,\"name\":\"Home\",\"item\":\"https:\\\/\\\/nlaad.org\\\/es\\\/\"},{\"@type\":\"ListItem\",\"position\":2,\"name\":\"Quienes Somos\"}]},{\"@type\":\"WebSite\",\"@id\":\"https:\\\/\\\/nlaad.org\\\/#website\",\"url\":\"https:\\\/\\\/nlaad.org\\\/\",\"name\":\"nlaad.org\",\"description\":\"National Latino AIDS Awareness Day\",\"publisher\":{\"@id\":\"https:\\\/\\\/nlaad.org\\\/#organization\"},\"potentialAction\":[{\"@type\":\"SearchAction\",\"target\":{\"@type\":\"EntryPoint\",\"urlTemplate\":\"https:\\\/\\\/nlaad.org\\\/?s={search_term_string}\"},\"query-input\":{\"@type\":\"PropertyValueSpecification\",\"valueRequired\":true,\"valueName\":\"search_term_string\"}}],\"inLanguage\":\"es-ES\"},{\"@type\":\"Organization\",\"@id\":\"https:\\\/\\\/nlaad.org\\\/#organization\",\"name\":\"Latino Commission on AIDS\",\"url\":\"https:\\\/\\\/nlaad.org\\\/\",\"logo\":{\"@type\":\"ImageObject\",\"inLanguage\":\"es-ES\",\"@id\":\"https:\\\/\\\/nlaad.org\\\/#\\\/schema\\\/logo\\\/image\\\/\",\"url\":\"https:\\\/\\\/nlaad.org\\\/wp-content\\\/uploads\\\/2024\\\/01\\\/commission-logo.png\",\"contentUrl\":\"https:\\\/\\\/nlaad.org\\\/wp-content\\\/uploads\\\/2024\\\/01\\\/commission-logo.png\",\"width\":218,\"height\":114,\"caption\":\"Latino Commission on AIDS\"},\"image\":{\"@id\":\"https:\\\/\\\/nlaad.org\\\/#\\\/schema\\\/logo\\\/image\\\/\"},\"sameAs\":[\"https:\\\/\\\/www.facebook.com\\\/LatinoCommissionOnAids\\\/\",\"https:\\\/\\\/x.com\\\/latinocommaids\",\"https:\\\/\\\/www.instagram.com\\\/latinocommaids\\\/\",\"https:\\\/\\\/www.youtube.com\\\/channel\\\/UC2k0W8WkRot9Ds5iYEkpd3w\"]}]}<\/script>\n<!-- \/ Yoast SEO plugin. -->","yoast_head_json":{"title":"Quienes Somos - nlaad.org","robots":{"index":"index","follow":"follow","max-snippet":"max-snippet:-1","max-image-preview":"max-image-preview:large","max-video-preview":"max-video-preview:-1"},"canonical":"https:\/\/nlaad.org\/es\/who-we-are\/","og_locale":"es_ES","og_type":"article","og_title":"Quienes Somos - nlaad.org","og_url":"https:\/\/nlaad.org\/es\/who-we-are\/","og_site_name":"nlaad.org","article_publisher":"https:\/\/www.facebook.com\/LatinoCommissionOnAids\/","article_modified_time":"2026-02-11T19:59:03+00:00","twitter_card":"summary_large_image","twitter_site":"@latinocommaids","twitter_misc":{"Est. reading time":"3 minutes"},"schema":{"@context":"https:\/\/schema.org","@graph":[{"@type":"WebPage","@id":"https:\/\/nlaad.org\/es\/who-we-are\/","url":"https:\/\/nlaad.org\/es\/who-we-are\/","name":"Quienes Somos - nlaad.org","isPartOf":{"@id":"https:\/\/nlaad.org\/#website"},"datePublished":"2016-09-27T20:21:09+00:00","dateModified":"2026-02-11T19:59:03+00:00","breadcrumb":{"@id":"https:\/\/nlaad.org\/es\/who-we-are\/#breadcrumb"},"inLanguage":"es-ES","potentialAction":[{"@type":"ReadAction","target":["https:\/\/nlaad.org\/es\/who-we-are\/"]}]},{"@type":"BreadcrumbList","@id":"https:\/\/nlaad.org\/es\/who-we-are\/#breadcrumb","itemListElement":[{"@type":"ListItem","position":1,"name":"Home","item":"https:\/\/nlaad.org\/es\/"},{"@type":"ListItem","position":2,"name":"Quienes Somos"}]},{"@type":"WebSite","@id":"https:\/\/nlaad.org\/#website","url":"https:\/\/nlaad.org\/","name":"nlaad.org","description":"National Latino AIDS Awareness Day","publisher":{"@id":"https:\/\/nlaad.org\/#organization"},"potentialAction":[{"@type":"SearchAction","target":{"@type":"EntryPoint","urlTemplate":"https:\/\/nlaad.org\/?s={search_term_string}"},"query-input":{"@type":"PropertyValueSpecification","valueRequired":true,"valueName":"search_term_string"}}],"inLanguage":"es-ES"},{"@type":"Organization","@id":"https:\/\/nlaad.org\/#organization","name":"Latino Commission on AIDS","url":"https:\/\/nlaad.org\/","logo":{"@type":"ImageObject","inLanguage":"es-ES","@id":"https:\/\/nlaad.org\/#\/schema\/logo\/image\/","url":"https:\/\/nlaad.org\/wp-content\/uploads\/2024\/01\/commission-logo.png","contentUrl":"https:\/\/nlaad.org\/wp-content\/uploads\/2024\/01\/commission-logo.png","width":218,"height":114,"caption":"Latino Commission on AIDS"},"image":{"@id":"https:\/\/nlaad.org\/#\/schema\/logo\/image\/"},"sameAs":["https:\/\/www.facebook.com\/LatinoCommissionOnAids\/","https:\/\/x.com\/latinocommaids","https:\/\/www.instagram.com\/latinocommaids\/","https:\/\/www.youtube.com\/channel\/UC2k0W8WkRot9Ds5iYEkpd3w"]}]}},"_links":{"self":[{"href":"https:\/\/nlaad.org\/es\/wp-json\/wp\/v2\/pages\/5245","targetHints":{"allow":["GET"]}}],"collection":[{"href":"https:\/\/nlaad.org\/es\/wp-json\/wp\/v2\/pages"}],"about":[{"href":"https:\/\/nlaad.org\/es\/wp-json\/wp\/v2\/types\/page"}],"author":[{"embeddable":true,"href":"https:\/\/nlaad.org\/es\/wp-json\/wp\/v2\/users\/1"}],"replies":[{"embeddable":true,"href":"https:\/\/nlaad.org\/es\/wp-json\/wp\/v2\/comments?post=5245"}],"version-history":[{"count":15,"href":"https:\/\/nlaad.org\/es\/wp-json\/wp\/v2\/pages\/5245\/revisions"}],"predecessor-version":[{"id":13317,"href":"https:\/\/nlaad.org\/es\/wp-json\/wp\/v2\/pages\/5245\/revisions\/13317"}],"wp:attachment":[{"href":"https:\/\/nlaad.org\/es\/wp-json\/wp\/v2\/media?parent=5245"}],"curies":[{"name":"wp","href":"https:\/\/api.w.org\/{rel}","templated":true}]}}